{"id":56,"date":"2022-03-23T20:13:15","date_gmt":"2022-03-23T20:13:15","guid":{"rendered":"http:\/\/iteknikko.fi\/?page_id=56"},"modified":"2022-03-23T20:13:15","modified_gmt":"2022-03-23T20:13:15","slug":"tulossa-pian-iteknikko","status":"publish","type":"page","link":"https:\/\/iteknikko.fi\/","title":{"rendered":"Tulossa pian: ITeknikko"},"content":{"rendered":"\n<p>Kyll\u00e4 se on v\u00e4h\u00e4n ironista ett\u00e4 markkinointi yrityksell\u00e4 ei ole nettisivuja. Viel\u00e4&#8230;<\/p>\n\n\n\n<p>asiakaspalvelu@iteknikko.fi<\/p>\n","protected":false},"excerpt":{"rendered":"<p>Kyll\u00e4 se on v\u00e4h\u00e4n ironista ett\u00e4 markkinointi yrityksell\u00e4 ei ole nettisivuja. Viel\u00e4&#8230; asiakaspalvelu@iteknikko.fi<\/p>\n","protected":false},"author":1,"featured_media":0,"parent":0,"menu_order":0,"comment_status":"closed","ping_status":"closed","template":"","meta":{"footnotes":""},"class_list":["post-56","page","type-page","status-publish","hentry"],"_links":{"self":[{"href":"https:\/\/iteknikko.fi\/index.php\/wp-json\/wp\/v2\/pages\/56","targetHints":{"allow":["GET"]}}],"collection":[{"href":"https:\/\/iteknikko.fi\/index.php\/wp-json\/wp\/v2\/pages"}],"about":[{"href":"https:\/\/iteknikko.fi\/index.php\/wp-json\/wp\/v2\/types\/page"}],"author":[{"embeddable":true,"href":"https:\/\/iteknikko.fi\/index.php\/wp-json\/wp\/v2\/users\/1"}],"replies":[{"embeddable":true,"href":"https:\/\/iteknikko.fi\/index.php\/wp-json\/wp\/v2\/comments?post=56"}],"version-history":[{"count":1,"href":"https:\/\/iteknikko.fi\/index.php\/wp-json\/wp\/v2\/pages\/56\/revisions"}],"predecessor-version":[{"id":57,"href":"https:\/\/iteknikko.fi\/index.php\/wp-json\/wp\/v2\/pages\/56\/revisions\/57"}],"wp:attachment":[{"href":"https:\/\/iteknikko.fi\/index.php\/wp-json\/wp\/v2\/media?parent=56"}],"curies":[{"name":"wp","href":"https:\/\/api.w.org\/{rel}","templated":true}]}}